{"id":281,"date":"2021-01-03T20:28:51","date_gmt":"2021-01-03T20:28:51","guid":{"rendered":"http:\/\/kundakci.net\/index.php\/login\/"},"modified":"2021-01-03T20:28:51","modified_gmt":"2021-01-03T20:28:51","slug":"login","status":"publish","type":"page","link":"http:\/\/kundakci.net\/index.php\/login\/","title":{"rendered":"Log In"},"content":{"rendered":"\t\t\t\t<div class=\"pmpro_login_wrap\">\n\t\t\t\t\t<h2>Log In<\/h2>\t\t\t\t\t<form name=\"loginform\" id=\"loginform\" action=\"http:\/\/kundakci.net\/wp-login.php\" method=\"post\"><input type=\"hidden\" name=\"pmpro_login_form_used\" value=\"1\" \/><p class=\"login-username\">\n\t\t\t\t<label for=\"user_login\">Kullan\u0131c\u0131 ad\u0131 ya da e-posta adresi<\/label>\n\t\t\t\t<input type=\"text\" name=\"log\" id=\"user_login\" autocomplete=\"username\" class=\"input\" value=\"\" size=\"20\" \/>\n\t\t\t<\/p><p class=\"login-password\">\n\t\t\t\t<label for=\"user_pass\">Parola<\/label>\n\t\t\t\t<input type=\"password\" name=\"pwd\" id=\"user_pass\" autocomplete=\"current-password\" spellcheck=\"false\" class=\"input\" value=\"\" size=\"20\" \/>\n\t\t\t<\/p><p class=\"login-remember\"><label><input name=\"rememberme\" type=\"checkbox\" id=\"rememberme\" value=\"forever\" \/> Beni hat\u0131rla<\/label><\/p><p class=\"login-submit\">\n\t\t\t\t<input type=\"submit\" name=\"wp-submit\" id=\"wp-submit\" class=\"button button-primary\" value=\"Oturum a\u00e7\" \/>\n\t\t\t\t<input type=\"hidden\" name=\"redirect_to\" value=\"\" \/>\n\t\t\t<\/p><\/form>\t<hr \/>\n\t<p class=\"pmpro_actions_nav\">\n\t\t<a href=\"http:\/\/kundakci.net\/index.php\/login\/?action=reset_pass\">Lost Password?<\/a>\t<\/p> <!-- end pmpro_actions_nav -->\n\t\t\t\t\t<\/div> <!-- end pmpro_login_wrap -->\t\t\t\t\n\t\t\t\t\t\t\t\t\n\t\t\t\t\n","protected":false},"excerpt":{"rendered":"","protected":false},"author":1,"featured_media":0,"parent":0,"menu_order":0,"comment_status":"closed","ping_status":"closed","template":"","meta":{"pmpro_default_level":0,"footnotes":""},"class_list":["post-281","page","type-page","status-publish","hentry","pmpro-has-access"],"_links":{"self":[{"href":"http:\/\/kundakci.net\/index.php\/wp-json\/wp\/v2\/pages\/281"}],"collection":[{"href":"http:\/\/kundakci.net\/index.php\/wp-json\/wp\/v2\/pages"}],"about":[{"href":"http:\/\/kundakci.net\/index.php\/wp-json\/wp\/v2\/types\/page"}],"author":[{"embeddable":true,"href":"http:\/\/kundakci.net\/index.php\/wp-json\/wp\/v2\/users\/1"}],"replies":[{"embeddable":true,"href":"http:\/\/kundakci.net\/index.php\/wp-json\/wp\/v2\/comments?post=281"}],"version-history":[{"count":0,"href":"http:\/\/kundakci.net\/index.php\/wp-json\/wp\/v2\/pages\/281\/revisions"}],"wp:attachment":[{"href":"http:\/\/kundakci.net\/index.php\/wp-json\/wp\/v2\/media?parent=281"}],"curies":[{"name":"wp","href":"https:\/\/api.w.org\/{rel}","templated":true}]}}